{"id":153,"date":"2026-03-09T11:59:56","date_gmt":"2026-03-09T10:59:56","guid":{"rendered":"https:\/\/johnnycare.se\/?page_id=153"},"modified":"2026-03-09T12:00:03","modified_gmt":"2026-03-09T11:00:03","slug":"smarta-ider-i-home-assistant","status":"publish","type":"page","link":"https:\/\/johnnycare.se\/?page_id=153","title":{"rendered":"Smarta id\u00e9r i Home Assistant"},"content":{"rendered":"\n<p>Ofta \u00e4r det s\u00e5 att man tar n\u00e5gon blueprint och anv\u00e4nder den, sen m\u00e5ste man fylla i via ett grafiskt gr\u00e4nssnitt eller skapa en kod i phyton script. utifr\u00e5n den blueprinten. Denna process kan vara ganska kr\u00e4vande. tanken \u00e4r att det ska g\u00e5 s\u00e5 enkelt som m\u00f6jligt och s\u00e5 smart som det kan g\u00f6ras. L\u00f6sningarna som ibland pressenteras p\u00e5 internet \u00e4r m\u00e5nga. En del b\u00e4ttre en andra och en del f\u00f6r\u00e5ldrade p ga uppdateringar av andra delar av Home Assistant. <br><br>Jag gillar inte detta helt, jag vill ha det b\u00e4sta och senaste och smarta systemet. S\u00e5 kan detta g\u00e5 att f\u00f6rb\u00e4ttra? Jag kan \u00e4ven fundera, borde det inte finnas flera som t\u00e4nker det samma?<br>S\u00e5 jag skulle vilja st\u00e4lla upp en tabell med hur \u00f6nskem\u00e5let \u00e4r, i enlighet med vad de flesta vill. Sen utifr\u00e5n det f\u00f6resl\u00e5 b\u00e4sta blueprint och till sista en\/flera fungerade yaml, sener, och hj\u00e4lpare till det.  Jag kan finna det sv\u00e5rt att hitta det b\u00e4sta (toppklass), f\u00f6r det kr\u00e4ver o\u00e4ndliga timmar av studerande p\u00e5 Internet. T\u00e4nk om vi var m\u00e5nga som skulle kunna bidra till detta, men det kan vara sv\u00e5rt att samordna.<\/p>\n\n\n\n<p><br><\/p>\n\n\n\n<figure class=\"wp-block-table\"><table class=\"has-fixed-layout\"><tbody><tr><td>Rum<\/td><td>Beskrivning<\/td><td>F\u00f6rslag p\u00e5 b\u00e4sta<\/td><td>YAML<\/td><td>H\u00e5rdvara<br><\/td><\/tr><tr><td>Badrum \/ duschrum \/Toalett<\/td><td>* Man g\u00e5r in i rummet. lamorna t\u00e4nds.<br>* Man g\u00e5r ur rummet Lamporna sl\u00e4cks.<br>* man duschar, lamporna h\u00e5lls t\u00e4nda hela tiden. <br>* Det \u00e4r dagtid \/ det \u00e4r tillr\u00e4ckligt ljust.<br>* man borstar t\u00e4nder \/ f\u00f6nar h\u00e5r \/rakar sig mm och beh\u00f6ver intensiv belysning<\/td><td>\ud83d\udca1 Sensor Light<br><strong>Version: 8.5<\/strong><br><br><\/td><td>acasdc<br>sdvsdv<\/td><td>* Aqara Motion Sensor P1<br>* <a href=\"https:\/\/public-api.wordpress.com\/bar\/?stat=groovemails-events&amp;bin=wpcom_email_click&amp;redirect_to=https%3A%2F%2Fautomatiserar.se%2Ftest-av-temperatursensorn-sonoff-snzb-02ld%2F&amp;sr=0&amp;signature=06978bcc4b554880f138d82e7005325d&amp;blog_id=122039071&amp;user=96471504&amp;_e=eyJlcnJvciI6bnVsbCwiYmxvZ19pZCI6MTIyMDM5MDcxLCJibG9nX2xhbmciOiJzdi1TRSIsInNpdGVfaWRfbGFiZWwiOiJqZXRwYWNrIiwiZW1haWxfbmFtZSI6Im5ldy1wb3N0IiwiX3VpIjo5NjQ3MTUwNCwiZW1haWxfaWQiOiI5YTdkY2IwOTI5MGY3NTk3NDNjZGVhOGQ5ODFhZjY5OCIsImRhdGVfc2VudCI6IjIwMjYtMDEtMTEiLCJsb2NhbGUiOiJzdiIsImN1cnJlbmN5IjoiVVNEIiwiY291bnRyeV9jb2RlX3NpZ251cCI6IlNFIiwidXNlcl9pZCI6OTY0NzE1MDQsInVzZXJfZW1haWwiOiJqb2hubnlzYW11QGdtYWlsLmNvbSIsImVtYWlsX2RvbWFpbiI6ImdtYWlsLmNvbSIsImRvbWFpbiI6Ind3dy5hdXRvbWF0aXNlcmFyLnNlIiwiZnJlcXVlbmN5IjoiMCIsImRpZ2VzdCI6IjAiLCJoYXNfaHRtbCI6IjEiLCJzdWJzY3JpYmVyX2lkIjoiMzYwMzgyOTYzIiwidGVtcGxhdGUiOiJuZXctcG9zdCIsInNjaGVkdWxlZF9mcm9tIjoic3Vic2NyaXB0aW9ucyIsImhhc19mZWF0dXJlZF9pbWFnZSI6IjAiLCJwb3N0X2lkIjoyMjU5NSwibGlua19kZXNjIjoicG9zdC10aXRsZSIsImFuY2hvcl90ZXh0IjoiVGVzdCBhdiB0ZW1wZXJhdHVyc2Vuc29ybiBTT05PRkZcdTAwYTBTTlpCLTAyTEQiLCJfZHIiOm51bGwsIl9kbCI6Ilwvd3Bjb21cL3YyXC9zaXRlc1wvMTIyMDM5MDcxXC9qZXRwYWNrLXN5bmMtYWN0aW9ucz9zeW5jPTEmY29kZWM9ZGVmbGF0ZS1qc29uLWFycmF5JnRpbWVzdGFtcD0xNzY4MTM1NzIwLjk5MDImcXVldWU9c3luYyZjZD0wLjAwMjEmcGQ9MC4wMDM3JnF1ZXVlX3NpemU9MiZidWZmZXJfaWQ9Njk2MzljMjhmMDYzNDMuNjYyMzE5Nzgmc3luY19mbG93X3R5cGU9ZGVkaWNhdGVkJnN0b3JhZ2VfdHlwZT1jdXN0b20mdGltZW91dD0yMCZob21lPWh0dHBzJTNBJTJGJTJGYXV0b21hdGlzZXJhci5zZSZzaXRldXJsPWh0dHBzJTNBJTJGJTJGYXV0b21hdGlzZXJhci5zZSZpZGM9MSIsIl91dCI6IndwY29tOnVzZXJfaWQiLCJfdWwiOiJqb2hubnlzYW11IiwiX2VuIjoid3Bjb21fZW1haWxfY2xpY2siLCJfdHMiOjE3NjgxMzU4Mzg0MDcsImJyb3dzZXJfdHlwZSI6InBocC1hZ2VudCIsIl9hdWEiOiJ3cGNvbS10cmFja3MtY2xpZW50LXYwLjMiLCJibG9nX3R6IjoiMSIsInVzZXJfbGFuZyI6InN2In0&amp;_z=z\" target=\"_blank\" rel=\"noreferrer noopener\">temperatursensorn SONOFF\u00a0SNZB-02LD<\/a><br><a href=\"https:\/\/www.ikea.com\/se\/sv\/p\/badring-sensor-foer-vattenlaeckage-smart-60504352\/\" data-type=\"link\" data-id=\"https:\/\/www.ikea.com\/se\/sv\/p\/badring-sensor-foer-vattenlaeckage-smart-60504352\/\">* BADRINGSensor f\u00f6r vattenl\u00e4ckage, IKEA<\/a><\/td><\/tr><tr><td>VardagsRum<\/td><td>* Media (tv mm)<br>* Man g\u00e5r in i rummet. lamorna t\u00e4nds.<br>* Man g\u00e5r ur rummet Lamporna sl\u00e4cks.<br>* visning p\u00e5g\u00e5r (tv mm) k\u00e4nslobelysning g\u00e5r i drift.<br>* jag \u00f6nskar och r\u00e4tt saker startar (f\u00f6rst\u00e4rkare projecktor\/ tv mm.)<\/td><td>\ud83d\udca1 Sensor Light<br><strong>Version: 8.5<\/strong><\/td><td>sdsdvsdv <\/td><td>* Aqara Motion Sensor P1<\/td><\/tr><tr><td><\/td><td><\/td><td><\/td><td><\/td><td><\/td><\/tr><tr><td><\/td><td><\/td><td><\/td><td><\/td><td><\/td><\/tr><\/tbody><\/table><\/figure>\n","protected":false},"excerpt":{"rendered":"<p>Ofta \u00e4r det s\u00e5 att man tar n\u00e5gon blueprint och anv\u00e4nder den, sen m\u00e5ste man fylla i via ett grafiskt gr\u00e4nssnitt eller skapa en kod i phyton script. utifr\u00e5n den blueprinten. Denna process kan vara ganska kr\u00e4vande. tanken \u00e4r att det ska g\u00e5 s\u00e5 enkelt som m\u00f6jligt och s\u00e5 smart som det kan g\u00f6ras. L\u00f6sningarna som ibland pressenteras p\u00e5 internet \u00e4r m\u00e5nga. En del b\u00e4ttre en andra och en del f\u00f6r\u00e5ldrade p ga uppdateringar av andra delar av Home Assistant. Jag gillar inte detta helt, jag vill ha det b\u00e4sta och senaste och smarta systemet. S\u00e5 kan detta g\u00e5 att f\u00f6rb\u00e4ttra? Jag kan \u00e4ven fundera, borde det inte finnas flera som t\u00e4nker det samma?S\u00e5 jag skulle vilja st\u00e4lla upp en tabell med hur \u00f6nskem\u00e5let \u00e4r, i enlighet med vad de flesta vill. Sen utifr\u00e5n det f\u00f6resl\u00e5 b\u00e4sta blueprint och till sista en\/flera fungerade yaml, sener, och hj\u00e4lpare till det. Jag kan finna det sv\u00e5rt att hitta det b\u00e4sta (toppklass), f\u00f6r det kr\u00e4ver o\u00e4ndliga timmar av studerande p\u00e5 Internet. T\u00e4nk om vi var m\u00e5nga som skulle kunna bidra till detta, men det kan vara sv\u00e5rt att samordna. Rum Beskrivning F\u00f6rslag p\u00e5 b\u00e4sta YAML H\u00e5rdvara Badrum \/ duschrum \/Toalett * Man g\u00e5r in i rummet. lamorna t\u00e4nds.* Man g\u00e5r ur rummet Lamporna sl\u00e4cks.* man duschar, lamporna h\u00e5lls t\u00e4nda hela tiden. * Det \u00e4r dagtid \/ det \u00e4r tillr\u00e4ckligt ljust.* man borstar t\u00e4nder \/ f\u00f6nar h\u00e5r \/rakar sig mm och beh\u00f6ver intensiv belysning \ud83d\udca1 Sensor LightVersion: 8.5 acasdcsdvsdv * Aqara Motion Sensor P1* temperatursensorn SONOFF\u00a0SNZB-02LD* BADRINGSensor f\u00f6r vattenl\u00e4ckage, IKEA VardagsRum * Media (tv mm)* Man g\u00e5r in i rummet. lamorna t\u00e4nds.* Man g\u00e5r ur rummet Lamporna sl\u00e4cks.* visning p\u00e5g\u00e5r (tv mm) k\u00e4nslobelysning g\u00e5r i drift.* jag \u00f6nskar och r\u00e4tt saker startar (f\u00f6rst\u00e4rkare projecktor\/ tv mm.) \ud83d\udca1 Sensor LightVersion: 8.5 sdsdvsdv * Aqara Motion Sensor P1<\/p>\n","protected":false},"author":1,"featured_media":0,"parent":0,"menu_order":0,"comment_status":"closed","ping_status":"closed","template":"","meta":{"footnotes":""},"class_list":["post-153","page","type-page","status-publish","hentry"],"jetpack_sharing_enabled":true,"_links":{"self":[{"href":"https:\/\/johnnycare.se\/index.php?rest_route=\/wp\/v2\/pages\/153","targetHints":{"allow":["GET"]}}],"collection":[{"href":"https:\/\/johnnycare.se\/index.php?rest_route=\/wp\/v2\/pages"}],"about":[{"href":"https:\/\/johnnycare.se\/index.php?rest_route=\/wp\/v2\/types\/page"}],"author":[{"embeddable":true,"href":"https:\/\/johnnycare.se\/index.php?rest_route=\/wp\/v2\/users\/1"}],"replies":[{"embeddable":true,"href":"https:\/\/johnnycare.se\/index.php?rest_route=%2Fwp%2Fv2%2Fcomments&post=153"}],"version-history":[{"count":10,"href":"https:\/\/johnnycare.se\/index.php?rest_route=\/wp\/v2\/pages\/153\/revisions"}],"predecessor-version":[{"id":164,"href":"https:\/\/johnnycare.se\/index.php?rest_route=\/wp\/v2\/pages\/153\/revisions\/164"}],"wp:attachment":[{"href":"https:\/\/johnnycare.se\/index.php?rest_route=%2Fwp%2Fv2%2Fmedia&parent=153"}],"curies":[{"name":"wp","href":"https:\/\/api.w.org\/{rel}","templated":true}]}}